{"id":310,"date":"2026-03-11T11:59:26","date_gmt":"2026-03-11T11:59:26","guid":{"rendered":"https:\/\/dev.lemeritant.ca\/?page_id=310"},"modified":"2026-03-14T09:14:26","modified_gmt":"2026-03-14T13:14:26","slug":"contact","status":"publish","type":"page","link":"https:\/\/monmatchpro.ca\/fr_ca\/contact\/","title":{"rendered":"contact"},"content":{"rendered":"<section class=\"mmp-contact-page\">\n<section class=\"mmp-contact-hero\">\n<div class=\"mmp-contact-hero-inner\">\n<p class=\"mmp-home-eyebrow mmp-text-center\">Mon Match Pro<\/p>\n<h1 class=\"mmp-home-hero-title mmp-text-center\">Contactez Mon Match Pro<\/h1>\n<p class=\"mmp-home-hero-text mmp-text-center\">\n        Une question, un besoin d\u2019assistance ou une demande particuli\u00e8re ? Notre \u00e9quipe est l\u00e0 pour vous orienter rapidement.\n      <\/p>\n<\/p><\/div>\n<\/section>\n<section class=\"mmp-contact-section\">\n<h2 class=\"mmp-home-section-title mmp-text-center\">Choisissez le bon canal<\/h2>\n<p class=\"mmp-home-section-intro mmp-text-center\">\n      Pour un traitement plus rapide, s\u00e9lectionnez le parcours adapt\u00e9 \u00e0 votre besoin.\n    <\/p>\n<div class=\"mmp-contact-cards\">\n<div class=\"mmp-contact-card mmp-contact-card--primary\">\n<div class=\"mmp-contact-card__inner\">\n<h3>Vous cherchez un salon ?<\/h3>\n<p>Utilisez notre formulaire principal pour recevoir jusqu\u2019\u00e0 3 propositions compatibles avec votre besoin.<\/p>\n<p>          <a class=\"mmp-btn-premium\" href=\"#Recevoir-3-propositions\"><br \/>\n            Faire une demande <span aria-hidden=\"true\">\u2192<\/span><br \/>\n          <\/a>\n        <\/div>\n<\/p><\/div>\n<div class=\"mmp-contact-card\">\n<div class=\"mmp-contact-card__inner\">\n<h3>Vous \u00eates d\u00e9j\u00e0 partenaire ?<\/h3>\n<p>Connectez-vous \u00e0 votre espace pour g\u00e9rer votre profil, consulter vos demandes et suivre votre activit\u00e9.<\/p>\n<p>          <a class=\"mmp-btn-premium-outline\" href=\"\/espace-partenaire\/\"><br \/>\n            Acc\u00e9der \u00e0 mon espace <span aria-hidden=\"true\">\u2192<\/span><br \/>\n          <\/a>\n        <\/div>\n<\/p><\/div>\n<div class=\"mmp-contact-card\">\n<div class=\"mmp-contact-card__inner\">\n<h3>Vous souhaitez devenir partenaire ?<\/h3>\n<p>Rejoignez Mon Match Pro en soumettant votre profil via le formulaire d\u00e9di\u00e9 aux professionnels.<\/p>\n<p>          <a class=\"mmp-btn-premium\" href=\"\/devenir-partenaire\/\"><br \/>\n            Devenir partenaire <span aria-hidden=\"true\">\u2192<\/span><br \/>\n          <\/a>\n        <\/div>\n<\/p><\/div>\n<div class=\"mmp-contact-card mmp-contact-card--soft\">\n<div class=\"mmp-contact-card__inner\">\n<h3>Vous avez une autre question ?<\/h3>\n<p>Utilisez le formulaire ci-dessous pour toute demande g\u00e9n\u00e9rale, technique ou sp\u00e9cifique. Notre \u00e9quipe vous r\u00e9pondra dans les meilleurs d\u00e9lais.<\/p>\n<p>          <a class=\"mmp-btn-premium-outline\" href=\"#mmp-contact-form\"><br \/>\n            Envoyer un message <span aria-hidden=\"true\">\u2192<\/span><br \/>\n          <\/a>\n        <\/div>\n<\/p><\/div>\n<\/p><\/div>\n<\/section>\n<section id=\"mmp-contact-form\" class=\"mmp-contact-section mmp-contact-form-box\">\n<h2 class=\"mmp-home-section-title mmp-text-center\">Envoyer un message<\/h2>\n<p class=\"mmp-home-section-intro mmp-text-center\">\n      Merci de nous transmettre les informations utiles afin que nous puissions vous r\u00e9pondre efficacement.\n    <\/p>\n<p>    <div class=\"forminator-ui forminator-custom-form forminator-custom-form-313 forminator-design--default  forminator_ajax\" data-forminator-render=\"0\" data-form=\"forminator-module-313\" data-uid=\"69eaca0251651\"><br\/><\/div><form\n\t\t\t\tid=\"forminator-module-313\"\n\t\t\t\tclass=\"forminator-ui forminator-custom-form forminator-custom-form-313 forminator-design--default  forminator_ajax\"\n\t\t\t\tmethod=\"post\"\n\t\t\t\tdata-forminator-render=\"0\"\n\t\t\t\tdata-form-id=\"313\"\n\t\t\t\t data-color-option=\"theme\" data-design=\"default\" data-grid=\"open\" style=\"display: none;\"\n\t\t\t\tdata-uid=\"69eaca0251651\"\n\t\t\t><div role=\"alert\" aria-live=\"polite\" class=\"forminator-response-message forminator-error\" aria-hidden=\"true\"><\/div><div class=\"forminator-row\"><div id=\"html-1\" class=\"forminator-field-html forminator-col forminator-col-12 \"><div class=\"forminator-field forminator-merge-tags\" data-field=\"html-1\"><h3>Parlez-nous de votre besoin<\/h3><p>Merci de choisir la cat\u00e9gorie la plus adapt\u00e9e et de nous transmettre les informations utiles pour vous r\u00e9pondre efficacement.<\/p><\/div><\/div><\/div><div class=\"forminator-row\"><div id=\"name-1\" class=\"forminator-field-name forminator-col forminator-col-12 \"><div class=\"forminator-field\"><label for=\"forminator-field-name-1_69eaca0251651\" id=\"forminator-field-name-1_69eaca0251651-label\" class=\"forminator-label\">Nom complet <span class=\"forminator-required\">*<\/span><\/label><input type=\"text\" name=\"name-1\" value=\"\" placeholder=\"\" id=\"forminator-field-name-1_69eaca0251651\" class=\"forminator-input forminator-name--field\" aria-required=\"true\" autocomplete=\"name\" \/><\/div><\/div><\/div><div class=\"forminator-row\"><div id=\"email-1\" class=\"forminator-field-email forminator-col forminator-col-6 \"><div class=\"forminator-field\"><label for=\"forminator-field-email-1_69eaca0251651\" id=\"forminator-field-email-1_69eaca0251651-label\" class=\"forminator-label\">Adresse courriel <span class=\"forminator-required\">*<\/span><\/label><input type=\"email\" name=\"email-1\" value=\"\" placeholder=\"ex. nom@domaine.com\" id=\"forminator-field-email-1_69eaca0251651\" class=\"forminator-input forminator-email--field\" data-required=\"1\" aria-required=\"true\" autocomplete=\"email\" \/><\/div><\/div><\/div><div class=\"forminator-row\"><div id=\"phone-1\" class=\"forminator-field-phone forminator-col forminator-col-6 \"><div class=\"forminator-field\"><label for=\"forminator-field-phone-1_69eaca0251651\" id=\"forminator-field-phone-1_69eaca0251651-label\" class=\"forminator-label\">T\u00e9l\u00e9phone (optionnel)<\/label><input type=\"text\" name=\"phone-1\" value=\"\" placeholder=\"ex. 418-555-1234\" id=\"forminator-field-phone-1_69eaca0251651\" class=\"forminator-input forminator-field--phone\" data-required=\"\" aria-required=\"false\" autocomplete=\"off\" \/><\/div><\/div><\/div><div class=\"forminator-row\"><div id=\"select-1\" class=\"forminator-field-select forminator-col forminator-col-6 \"><div class=\"forminator-field\"><label for=\"forminator-form-313__field--select-1_69eaca0251651\" id=\"forminator-form-313__field--select-1_69eaca0251651-label\" class=\"forminator-label\">Vous \u00eates <span class=\"forminator-required\">*<\/span><\/label><select  id=\"forminator-form-313__field--select-1_69eaca0251651\" class=\"forminator-select--field forminator-select2 forminator-select2-multiple\" data-required=\"1\" name=\"select-1\" data-default-value=\"\" data-hidden-behavior=\"zero\" data-placeholder=\"S\u00e9lectionnez un profil\" data-search=\"false\" data-search-placeholder=\"S\u00e9lectionnez un profil\" data-checkbox=\"false\" data-allow-clear=\"false\" aria-labelledby=\"forminator-form-313__field--select-1_69eaca0251651-label\"><option value=\"\"  >S\u00e9lectionnez un profil<\/option><option value=\"cliente\"  data-calculation=\"0\">Cliente<\/option><option value=\"partenaire\"  data-calculation=\"0\">Partenaire<\/option><option value=\"futur-partenaire\"  data-calculation=\"0\">Futur partenaire<\/option><option value=\"autre\"  data-calculation=\"0\">Autre<\/option><\/select><\/div><\/div><\/div><div class=\"forminator-row\"><div id=\"select-2\" class=\"forminator-field-select forminator-col forminator-col-6 \"><div class=\"forminator-field\"><label for=\"forminator-form-313__field--select-2_69eaca0251651\" id=\"forminator-form-313__field--select-2_69eaca0251651-label\" class=\"forminator-label\">Sujet <span class=\"forminator-required\">*<\/span><\/label><select  id=\"forminator-form-313__field--select-2_69eaca0251651\" class=\"forminator-select--field forminator-select2 forminator-select2-multiple\" data-required=\"1\" name=\"select-2\" data-default-value=\"\" data-hidden-behavior=\"zero\" data-placeholder=\"S\u00e9lectionnez un sujet\" data-search=\"false\" data-search-placeholder=\"S\u00e9lectionnez un sujet\" data-checkbox=\"false\" data-allow-clear=\"false\" aria-labelledby=\"forminator-form-313__field--select-2_69eaca0251651-label\"><option value=\"\"  >S\u00e9lectionnez un sujet<\/option><option value=\"question-generale\"  data-calculation=\"0\">Question g\u00e9n\u00e9rale<\/option><option value=\"assistance-technique\"  data-calculation=\"0\">Assistance technique<\/option><option value=\"probleme-demande\"  data-calculation=\"0\">Probl\u00e8me avec une demande<\/option><option value=\"probleme-compte-partenaire\"  data-calculation=\"0\">Probl\u00e8me avec mon compte partenaire<\/option><option value=\"partenariat\"  data-calculation=\"0\">Partenariat<\/option><option value=\"autre\"  data-calculation=\"0\">Autre<\/option><\/select><\/div><\/div><\/div><div class=\"forminator-row\"><div id=\"text-1\" class=\"forminator-field-text forminator-col forminator-col-12 \"><div class=\"forminator-field\"><label for=\"forminator-field-text-1_69eaca0251651\" id=\"forminator-field-text-1_69eaca0251651-label\" class=\"forminator-label\">Num\u00e9ro de demande ou r\u00e9f\u00e9rence (optionnel)<\/label><input type=\"text\" name=\"text-1\" value=\"\" placeholder=\"Ex. #123, r\u00e9f\u00e9rence partenaire ou autre information utile\" id=\"forminator-field-text-1_69eaca0251651\" class=\"forminator-input forminator-name--field\" data-required=\"\" \/><\/div><\/div><\/div><div class=\"forminator-row\"><div id=\"textarea-1\" class=\"forminator-field-textarea forminator-col forminator-col-12 \"><div class=\"forminator-field\"><label for=\"forminator-field-textarea-1_69eaca0251651\" id=\"forminator-field-textarea-1_69eaca0251651-label\" class=\"forminator-label\">Votre message <span class=\"forminator-required\">*<\/span><\/label><span id=\"forminator-field-textarea-1_69eaca0251651-description\" class=\"forminator-description\">Plus votre message est pr\u00e9cis, plus nous pourrons vous r\u00e9pondre efficacement.<span data-limit=\"1200\" data-type=\"characters\" data-editor=\"\">0 \/ 1200<\/span><\/span><textarea name=\"textarea-1\" placeholder=\"D\u00e9crivez votre question ou votre besoin avec le plus de pr\u00e9cision possible.\" id=\"forminator-field-textarea-1_69eaca0251651\" class=\"forminator-textarea\" rows=\"6\" style=\"min-height:140px;\" maxlength=\"1200\" aria-describedby=\"forminator-field-textarea-1_69eaca0251651-description\" ><\/textarea><\/div><\/div><\/div><div class=\"forminator-row\"><div id=\"consent-1\" class=\"forminator-field-consent forminator-col forminator-col-12 \"><div class=\"forminator-field\"><label for=\"forminator-field-consent-1_69eaca0251651\" id=\"forminator-field-consent-1_69eaca0251651-label\" class=\"forminator-label\">Consentement <span class=\"forminator-required\">*<\/span><\/label><div class=\"forminator-checkbox__wrapper\"><label id=\"forminator-field-consent-1_69eaca0251651__label\" class=\"forminator-checkbox forminator-consent\" aria-labelledby=\"forminator-field-consent-1_69eaca0251651-label\"><input type=\"checkbox\" name=\"consent-1\" id=\"forminator-field-consent-1_69eaca0251651\" value=\"checked\" aria-labelledby=\"forminator-field-consent-1_69eaca0251651-label\" aria-describedby=\"forminator-field-consent-1_69eaca0251651__description\" data-required=\"true\" aria-required=\"true\" \/><span class=\"forminator-checkbox-box\" aria-hidden=\"true\"><\/span><\/label><div id=\"forminator-field-consent-1_69eaca0251651__description\" class=\"forminator-checkbox__label forminator-consent__label\"><p>J\u2019accepte que mes informations soient utilis\u00e9es afin de traiter ma demande et de me recontacter si n\u00e9cessaire.<\/p><\/div><\/div><\/div><\/div><\/div><div class=\"forminator-row\" style=\"margin: 0;\"><div id=\"captcha-1\" class=\"forminator-field-captcha  forminator-col-12 \"><div class=\"forminator-captcha-center forminator-g-recaptcha recaptcha-invisible\" data-theme=\"light\" data-badge=\"inline\" data-sitekey=\"6LeQl3MsAAAAAMvAsaVrlHGATMpXmFgYCPVFEye6\" data-size=\"invisible\"><\/div> <\/div><\/div><input type=\"hidden\" name=\"referer_url\" value=\"\" \/><div class=\"forminator-row forminator-row-last\"><div class=\"forminator-col\"><div class=\"forminator-field\"><button class=\"forminator-button forminator-button-submit\">Envoyer mon message<\/button><\/div><\/div><\/div><input type=\"hidden\" id=\"forminator_nonce\" name=\"forminator_nonce\" value=\"aa0c182a22\" \/><input type=\"hidden\" name=\"_wp_http_referer\" value=\"\/fr_ca\/wp-json\/wp\/v2\/pages\/310\" \/><input type=\"hidden\" name=\"form_id\" value=\"313\"><input type=\"hidden\" name=\"page_id\" value=\"310\"><input type=\"hidden\" name=\"form_type\" value=\"default\"><input type=\"hidden\" name=\"current_url\" value=\"https:\/\/monmatchpro.ca\/fr_ca\/contact\/\"><input type=\"hidden\" name=\"render_id\" value=\"0\"><input type=\"hidden\" name=\"action\" value=\"forminator_submit_form_custom-forms\"><label for=\"input_9\" class=\"forminator-hidden\" aria-hidden=\"true\">Please do not fill in this field. <input id=\"input_9\" type=\"text\" name=\"input_9\" value=\"\" autocomplete=\"off\"><\/label><\/form><br \/>\n  <\/section>\n<section class=\"mmp-contact-section\">\n<div class=\"mmp-contact-trust-box\">\n<h3>Une \u00e9quipe \u00e0 votre \u00e9coute<\/h3>\n<p>\n        Nous r\u00e9pondons g\u00e9n\u00e9ralement sous 24 \u00e0 48 heures ouvrables. Pour toute urgence li\u00e9e \u00e0 une prestation d\u00e9j\u00e0 confirm\u00e9e,<br \/>\n        nous vous recommandons de contacter directement le partenaire concern\u00e9.\n      <\/p>\n<\/p><\/div>\n<\/section>\n<\/section>\n","protected":false},"excerpt":{"rendered":"<p>Mon Match Pro Contactez Mon Match Pro Une question, un besoin d\u2019assistance ou une demande particuli\u00e8re ? Notre \u00e9quipe est [&hellip;]<\/p>\n","protected":false},"author":2,"featured_media":0,"parent":0,"menu_order":0,"comment_status":"closed","ping_status":"closed","template":"","meta":{"_acf_changed":false,"_uag_custom_page_level_css":"","site-sidebar-layout":"default","site-content-layout":"","ast-site-content-layout":"default","site-content-style":"default","site-sidebar-style":"default","ast-global-header-display":"","ast-banner-title-visibility":"","ast-main-header-display":"","ast-hfb-above-header-display":"","ast-hfb-below-header-display":"","ast-hfb-mobile-header-display":"","site-post-title":"disabled","ast-breadcrumbs-content":"","ast-featured-img":"","footer-sml-layout":"","ast-disable-related-posts":"","theme-transparent-header-meta":"","adv-header-id-meta":"","stick-header-meta":"","header-above-stick-meta":"","header-main-stick-meta":"","header-below-stick-meta":"","astra-migrate-meta-layouts":"default","ast-page-background-enabled":"default","ast-page-background-meta":{"desktop":{"background-color":"var(--ast-global-color-5)","background-image":"","background-repeat":"repeat","background-position":"center center","background-size":"auto","background-attachment":"scroll","background-type":"","background-media":"","overlay-type":"","overlay-color":"","overlay-opacity":"","overlay-gradient":""},"tablet":{"background-color":"","background-image":"","background-repeat":"repeat","background-position":"center center","background-size":"auto","background-attachment":"scroll","background-type":"","background-media":"","overlay-type":"","overlay-color":"","overlay-opacity":"","overlay-gradient":""},"mobile":{"background-color":"","background-image":"","background-repeat":"repeat","background-position":"center center","background-size":"auto","background-attachment":"scroll","background-type":"","background-media":"","overlay-type":"","overlay-color":"","overlay-opacity":"","overlay-gradient":""}},"ast-content-background-meta":{"desktop":{"background-color":"var(--ast-global-color-4)","background-image":"","background-repeat":"repeat","background-position":"center center","background-size":"auto","background-attachment":"scroll","background-type":"","background-media":"","overlay-type":"","overlay-color":"","overlay-opacity":"","overlay-gradient":""},"tablet":{"background-color":"var(--ast-global-color-4)","background-image":"","background-repeat":"repeat","background-position":"center center","background-size":"auto","background-attachment":"scroll","background-type":"","background-media":"","overlay-type":"","overlay-color":"","overlay-opacity":"","overlay-gradient":""},"mobile":{"background-color":"var(--ast-global-color-4)","background-image":"","background-repeat":"repeat","background-position":"center center","background-size":"auto","background-attachment":"scroll","background-type":"","background-media":"","overlay-type":"","overlay-color":"","overlay-opacity":"","overlay-gradient":""}},"footnotes":""},"class_list":["post-310","page","type-page","status-publish","hentry"],"acf":[],"_hostinger_reach_plugin_has_subscription_block":false,"_hostinger_reach_plugin_is_elementor":false,"uagb_featured_image_src":{"full":false,"thumbnail":false,"medium":false,"medium_large":false,"large":false,"1536x1536":false,"2048x2048":false,"trp-custom-language-flag":false},"uagb_author_info":{"display_name":"monmatchpro","author_link":"https:\/\/monmatchpro.ca\/fr_ca\/author\/monmatchpro\/"},"uagb_comment_info":0,"uagb_excerpt":"Mon Match Pro Contactez Mon Match Pro Une question, un besoin d\u2019assistance ou une demande particuli\u00e8re ? Notre \u00e9quipe est [&hellip;]","_links":{"self":[{"href":"https:\/\/monmatchpro.ca\/fr_ca\/wp-json\/wp\/v2\/pages\/310","targetHints":{"allow":["GET"]}}],"collection":[{"href":"https:\/\/monmatchpro.ca\/fr_ca\/wp-json\/wp\/v2\/pages"}],"about":[{"href":"https:\/\/monmatchpro.ca\/fr_ca\/wp-json\/wp\/v2\/types\/page"}],"author":[{"embeddable":true,"href":"https:\/\/monmatchpro.ca\/fr_ca\/wp-json\/wp\/v2\/users\/2"}],"replies":[{"embeddable":true,"href":"https:\/\/monmatchpro.ca\/fr_ca\/wp-json\/wp\/v2\/comments?post=310"}],"version-history":[{"count":7,"href":"https:\/\/monmatchpro.ca\/fr_ca\/wp-json\/wp\/v2\/pages\/310\/revisions"}],"predecessor-version":[{"id":322,"href":"https:\/\/monmatchpro.ca\/fr_ca\/wp-json\/wp\/v2\/pages\/310\/revisions\/322"}],"wp:attachment":[{"href":"https:\/\/monmatchpro.ca\/fr_ca\/wp-json\/wp\/v2\/media?parent=310"}],"curies":[{"name":"wp","href":"https:\/\/api.w.org\/{rel}","templated":true}]}}